{"id":22,"date":"2023-01-19T17:11:10","date_gmt":"2023-01-19T17:11:10","guid":{"rendered":"https:\/\/www.vartenberskakorouhev.cz\/?page_id=22"},"modified":"2023-05-19T15:49:51","modified_gmt":"2023-05-19T15:49:51","slug":"pro-vase-akce","status":"publish","type":"page","link":"https:\/\/www.vartenberskakorouhev.cz\/?page_id=22","title":{"rendered":"Pro Va\u0161e akce"},"content":{"rendered":"\n<p class=\"has-medium-font-size\">Zbrojnice<\/p>\n\n\n\n<p>Na va\u0161e akce r\u00e1di p\u0159ivezeme rozs\u00e1hlou st\u0159edov\u011bkou zbrojnici s poutav\u00fdm v\u00fdkladem platn\u00e9\u0159e o historii a pou\u017eit\u00ed jednotliv\u00fdch zbran\u00ed a \u010d\u00e1st\u00ed zbroje. Jedn\u00e1 se o v\u011brn\u00e9, dobov\u011b podlo\u017een\u00e9 repliky zbran\u00ed a zbroje z p\u0159elomu 14. a 15. stolet\u00ed a jednu zmen\u0161eninu obl\u00e9hac\u00edho trebuchetu nav\u00edc. Je mo\u017enost zbran\u011b i zbroj osahat, vyzkou\u0161et a na cokoli se zeptat. Um\u00edme komentovanou prohl\u00eddku se z\u00e1bavnou uk\u00e1zkou pou\u017eit\u00ed zbran\u00ed, obl\u00e9k\u00e1n\u00ed do zbroje a obl\u00edben\u00fdm vyvracen\u00edm obecn\u011b roz\u0161\u00ed\u0159en\u00fdch m\u00fdt\u016f a omyl\u016f.&nbsp;<\/p>\n\n\n\n<p class=\"has-medium-font-size\">Kuchyn\u011b<\/p>\n\n\n\n<p>Uk\u00e1zka st\u0159edov\u011bk\u00e9ho va\u0159en\u00ed a stolov\u00e1n\u00ed. N\u00e1v\u0161t\u011bvn\u00edky \u010dek\u00e1 bohat\u011b vybaven\u00e1 poln\u00ed kuchyn\u011b, prost\u0159en\u00fd \u0161lechtick\u00fd st\u016fl a vypr\u00e1v\u011bn\u00ed o kultu\u0159e stolov\u00e1n\u00ed a p\u0159\u00edprav\u011b j\u00eddel. Tam, kde je mo\u017en\u00e9 rozd\u011blat ohe\u0148, pak tak\u00e9 praktick\u00e9 uk\u00e1zky p\u0159\u00edpravy r\u016fzn\u00fdch pokrm\u016f podle p\u016fvodn\u00edch receptur. Pro men\u0161\u00ed a mal\u00e9 n\u00e1v\u0161t\u011bvn\u00edky m\u00e1me p\u0159ipraven\u00fd kv\u00edz o j\u00eddle, pozn\u00e1v\u00e1n\u00ed plodin, ze kter\u00fdch se va\u0159ilo, a mo\u017enost vyzkou\u0161et si nejr\u016fzn\u011bj\u0161\u00ed dovednosti &#8211; nap\u0159\u00edklad v\u00fdrobu kv\u00e1sku na pe\u010den\u00ed chleba nebo rozd\u011bl\u00e1v\u00e1n\u00ed ohn\u011b k\u0159esadlem.&nbsp;<\/p>\n\n\n\n<p class=\"has-medium-font-size\">Pr\u00e1ce s k\u016f\u017e\u00ed \u2013 uk\u00e1zka \u0159emesla<\/p>\n\n\n\n<p>Zaj\u00edm\u00e1 v\u00e1s pr\u00e1ce s k\u016f\u017e\u00ed? A jak se p\u016fvodn\u00ed postup v\u00fdroby bot li\u0161il od toho dne\u0161n\u00edho? Uk\u00e1\u017eeme v\u00e1m, jak a co v\u0161echno se z k\u016f\u017ee vyr\u00e1b\u011blo \u2013 tedy nejen boty, ale tak\u00e9 p\u00e1sky, ta\u0161vice, v\u00e1\u010dky, mo\u0161ni\u010dky, pouzdra na no\u017ee, pochvy na me\u010de a d\u00fdky, toulce st\u0159edov\u011bk\u00e9 i orient\u00e1ln\u00ed, a nav\u00edc r\u016fzn\u00e9 zp\u016fsoby zdoben\u00ed k\u016f\u017ee.<\/p>\n\n\n\n<p>N\u00e1\u0161 mistr ko\u017eed\u011blec v\u00e1m r\u00e1d odpov\u00ed na v\u0161echny va\u0161e zv\u00eddav\u00e9 ot\u00e1zky a \u0159ekne spoustu zaj\u00edmavost\u00ed z historie zpracov\u00e1n\u00ed k\u016f\u017ee a \u0161it\u00ed v\u0161eho mo\u017en\u00e9ho.<\/p>\n\n\n\n<p class=\"has-medium-font-size\">P\u0159eden\u00ed a p\u0159edtkalcovsk\u00e9 techniky \u2013 uk\u00e1zka \u0159emesla<\/p>\n\n\n\n<p>P\u0159eden\u00ed vlny na v\u0159et\u00e1nku je n\u00e1ramn\u011b uklid\u0148uj\u00edc\u00ed \u010dinnost, a\u0165 u\u017e sledujete p\u0159adlenu p\u0159i pr\u00e1ci nebo sami p\u0159edete. Oboj\u00ed si s n\u00e1mi m\u016f\u017eete vyzkou\u0161et a zjistit, jestli byste v dob\u00e1ch minul\u00fdch obst\u00e1li a dok\u00e1zali si up\u0159\u00edst dostatek vln\u011bn\u00e9 p\u0159\u00edze a vyrobit si n\u011bco na sebe. Dozv\u00edte se u n\u00e1s i to, jak se vlna d\u00e1le zpracov\u00e1vala na h\u0159ebenov\u00e9m st\u00e1vku nebo na karetk\u00e1ch. Zaj\u00edm\u00e1 v\u00e1s, d\u00edky jak\u00fdm rostlin\u00e1m byl st\u0159edov\u011bk barevn\u00fd, jak\u00fd v\u00fdznam barvy m\u011bly a pro\u010d byste a\u017e do ur\u010dit\u00e9 doby nemohli nosit syt\u011b \u010dern\u00fd kab\u00e1t \u010di nohavice? To a mnoho dal\u0161\u00edho zj\u00edst\u00edte o \u0161atech, kter\u00e9 d\u011blaly \u010dlov\u011bka u\u017e ve st\u0159edov\u011bku.<\/p>\n\n\n\n<p class=\"has-medium-font-size\">Historick\u00e1 st\u0159elnice<\/p>\n\n\n\n<p>Je libo vyst\u0159elit si z historick\u00e9ho luku nebo ku\u0161e? Pro mal\u00e9 i velk\u00e9 lovce a v\u00e1le\u010dn\u00edky m\u00e1me p\u0159ipravenou profesion\u00e1ln\u00ed instrukt\u00e1\u017e a autentick\u00e9 vybaven\u00ed. Pro provoz st\u0159elnice na Va\u0161\u00ed akci je nutn\u00e9 zajistit bezpe\u010dn\u00e9 m\u00edsto.<\/p>\n\n\n\n<p class=\"has-medium-font-size\">P\u0159edveden\u00ed zbrojnice, kuchyn\u011b i \u0159emesel je mo\u017en\u00e9 dv\u011bma zp\u016fsoby.<\/p>\n\n\n\n<p>1. V\u0161e je k dispozici po celou dobu akce, n\u00e1v\u0161t\u011bvn\u00edci se sami ptaj\u00ed na to, co je zaj\u00edm\u00e1.<\/p>\n\n\n\n<p>2. V\u0161e je op\u011bt k dispozici po celou dobu, ale nav\u00edc je v programu na ur\u010dit\u00fd \u010das za\u0159azena komentovan\u00e1 prohl\u00eddka.\u00a0<\/p>\n\n\n\n<p class=\"has-medium-font-size\">V p\u0159\u00edpad\u011b z\u00e1jmu se na n\u00e1s obra\u0165te na email <a rel=\"noreferrer noopener\" href=\"mailto:info@vartenberskakorouhev.cz\" target=\"_blank\">info@vartenberskakorouhev.cz<\/a><\/p>\n","protected":false},"excerpt":{"rendered":"<p>Zbrojnice Na va\u0161e akce r\u00e1di p\u0159ivezeme rozs\u00e1hlou st\u0159edov\u011bkou zbrojnici s poutav\u00fdm v\u00fdkladem platn\u00e9\u0159e o historii a pou\u017eit\u00ed jednotliv\u00fdch zbran\u00ed a \u010d\u00e1st\u00ed zbroje. Jedn\u00e1 se o v\u011brn\u00e9, dobov\u011b podlo\u017een\u00e9 repliky zbran\u00ed&#8230;<\/p>\n","protected":false},"author":1,"featured_media":0,"parent":0,"menu_order":4,"comment_status":"closed","ping_status":"closed","template":"","meta":{"footnotes":""},"class_list":["post-22","page","type-page","status-publish","hentry"],"_links":{"self":[{"href":"https:\/\/www.vartenberskakorouhev.cz\/index.php?rest_route=\/wp\/v2\/pages\/22","targetHints":{"allow":["GET"]}}],"collection":[{"href":"https:\/\/www.vartenberskakorouhev.cz\/index.php?rest_route=\/wp\/v2\/pages"}],"about":[{"href":"https:\/\/www.vartenberskakorouhev.cz\/index.php?rest_route=\/wp\/v2\/types\/page"}],"author":[{"embeddable":true,"href":"https:\/\/www.vartenberskakorouhev.cz\/index.php?rest_route=\/wp\/v2\/users\/1"}],"replies":[{"embeddable":true,"href":"https:\/\/www.vartenberskakorouhev.cz\/index.php?rest_route=%2Fwp%2Fv2%2Fcomments&post=22"}],"version-history":[{"count":5,"href":"https:\/\/www.vartenberskakorouhev.cz\/index.php?rest_route=\/wp\/v2\/pages\/22\/revisions"}],"predecessor-version":[{"id":72,"href":"https:\/\/www.vartenberskakorouhev.cz\/index.php?rest_route=\/wp\/v2\/pages\/22\/revisions\/72"}],"wp:attachment":[{"href":"https:\/\/www.vartenberskakorouhev.cz\/index.php?rest_route=%2Fwp%2Fv2%2Fmedia&parent=22"}],"curies":[{"name":"wp","href":"https:\/\/api.w.org\/{rel}","templated":true}]}}