{"id":13,"date":"2023-01-16T21:34:11","date_gmt":"2023-01-16T21:34:11","guid":{"rendered":"http:\/\/www.vartenberskakorouhev.cz\/?page_id=13"},"modified":"2023-05-19T16:36:59","modified_gmt":"2023-05-19T16:36:59","slug":"clenova","status":"publish","type":"page","link":"https:\/\/www.vartenberskakorouhev.cz\/?page_id=13","title":{"rendered":"O n\u00e1s"},"content":{"rendered":"\n<p>Jsme nad\u0161enci do historie, kte\u0159\u00ed se zab\u00fdvaj\u00ed v\u0161emi aspekty \u017eivota na p\u0159elomu 14. a 15. stolet\u00ed. Velk\u00fd d\u016fraz klademe na autenti\u010dnost jednotliv\u00fdch prvk\u016f a detail\u016f vybaven\u00ed ka\u017ed\u00e9ho \u010dlena.<\/p>\n\n\n\n<p>Najdete n\u00e1s obvykle tam, kde se d\u011bje n\u011bco, co se t\u00fdk\u00e1 st\u0159edov\u011bku. Velmi \u010dasto na bitv\u00e1ch, kde state\u010dn\u011b spolu s na\u0161\u00edm panem z Vartenberka h\u00e1j\u00edme barvy a \u010dest pansk\u00e9 jednoty &#8211; katolick\u00e9ho vojska kr\u00e1l\u016f V\u00e1clava IV. a pozd\u011bji Zikmunda Lucembursk\u00e9ho. Pom\u011brn\u011b \u010dasto se vyskytujeme tak\u00e9 na nejr\u016fzn\u011bj\u0161\u00edch m\u011bstsk\u00fdch, hradn\u00edch, z\u00e1meck\u00fdch i obecn\u00edch slavnostech a historick\u00fdch festivalech, kde v\u0161e, co jsme se za ta l\u00e9ta nau\u010dili, moc r\u00e1di p\u0159edv\u00e1d\u00edme v\u0161em, kte\u0159\u00ed se u n\u00e1s zastav\u00ed na kus \u0159e\u010di. M\u00e1te velkou \u0161anci narazit na n\u00e1s tak\u00e9 v r\u016fzn\u00fdch muze\u00edch, zvl\u00e1\u0161t\u011b maj\u00ed-li tam zrovna n\u011bjakou zaj\u00edmavou v\u00fdstavu. Zaj\u00edmaj\u00ed n\u00e1s i hradn\u00ed a z\u00e1meck\u00e9 zbrojnice a kuchyn\u011b, kde za \u00fa\u010delem roz\u0161i\u0159ov\u00e1n\u00ed obzor\u016f \u0161mejd\u00edme vcelku pravideln\u011b. Dom\u016f si pak r\u00e1di po\u0159izujeme spoustu odborn\u00e9 literatury, kterou studujeme za dlouh\u00fdch zimn\u00edch ve\u010der\u016f, a z\u00edskan\u00e9 poznatky zkou\u0161\u00edme rovnou p\u0159ev\u00e9st do praxe.<\/p>\n\n\n\n<p>M\u00e1me bohat\u00e9 zku\u0161enosti s v\u00fdrobou pl\u00e1tov\u00fdch zbroj\u00ed a zbran\u00ed i drobn\u011bj\u0161\u00edch (jak jinak, ne\u017e st\u0159edov\u011bk\u00fdch) v\u00fdrobk\u016f ze \u017eeleza, mosazi, bronzu i st\u0159\u00edbra.<\/p>\n\n\n\n<p>Dobov\u00e9 \u0159emesln\u00e9 postupy ct\u00edme tak\u00e9 p\u0159i v\u00fdrob\u011b p\u00e1sk\u016f, bra\u0161en, ta\u0161vic, pouzder na no\u017ee, pochev na d\u00fdky a me\u010de, st\u0159edov\u011bk\u00fdch i orient\u00e1ln\u00edch toulc\u016f a d\u00e1msk\u00fdch i p\u00e1nsk\u00fdch bot.<\/p>\n\n\n\n<p>Um\u00edme tak\u00e9 \u0161\u00edt nejr\u016fzn\u011bj\u0161\u00ed sou\u010d\u00e1sti od\u011bvu st\u0159edov\u011bk\u00fdch p\u00e1n\u016f i km\u00e1n\u016f, a to v\u010detn\u011b pokr\u00fdvek hlavy, tak\u017ee t\u00e9m\u011b\u0159 v\u0161e, co na n\u00e1s uvid\u00edte, bylo n\u00e1mi pe\u010dliv\u011b a za dodr\u017een\u00ed dobov\u00fdch postup\u016f vyrobeno. No a up\u0159\u00edst vlnu (a nau\u010dit v\u00e1s to) je pro n\u00e1s tak\u00e9 hra\u010dka.<\/p>\n\n\n\n<p>To nejd\u016fle\u017eit\u011bj\u0161\u00ed je, \u017ee to v\u0161e d\u011bl\u00e1me s l\u00e1skou, pokorou a respektem k pr\u00e1ci a umu na\u0161ich p\u0159edk\u016f, kte\u0159\u00ed tak n\u00e1dhern\u00e9 v\u011bci, kter\u00e9 dnes m\u016f\u017eeme obdivovat v muzejn\u00edch sb\u00edrk\u00e1ch, dok\u00e1zali vyrobit.<\/p>\n\n\n\n<p>Moc n\u00e1s to bav\u00ed. A prost\u0159ednictv\u00edm v\u0161eho, co d\u011bl\u00e1me, se sna\u017e\u00edme alespo\u0148 trochu toho nad\u0161en\u00ed p\u0159edat d\u00e1l.<\/p>\n","protected":false},"excerpt":{"rendered":"<p>Jsme nad\u0161enci do historie, kte\u0159\u00ed se zab\u00fdvaj\u00ed v\u0161emi aspekty \u017eivota na p\u0159elomu 14. a 15. stolet\u00ed. Velk\u00fd d\u016fraz klademe na autenti\u010dnost jednotliv\u00fdch prvk\u016f a detail\u016f vybaven\u00ed ka\u017ed\u00e9ho \u010dlena. Najdete n\u00e1s&#8230;<\/p>\n","protected":false},"author":1,"featured_media":0,"parent":0,"menu_order":2,"comment_status":"closed","ping_status":"closed","template":"","meta":{"footnotes":""},"class_list":["post-13","page","type-page","status-publish","hentry"],"_links":{"self":[{"href":"https:\/\/www.vartenberskakorouhev.cz\/index.php?rest_route=\/wp\/v2\/pages\/13","targetHints":{"allow":["GET"]}}],"collection":[{"href":"https:\/\/www.vartenberskakorouhev.cz\/index.php?rest_route=\/wp\/v2\/pages"}],"about":[{"href":"https:\/\/www.vartenberskakorouhev.cz\/index.php?rest_route=\/wp\/v2\/types\/page"}],"author":[{"embeddable":true,"href":"https:\/\/www.vartenberskakorouhev.cz\/index.php?rest_route=\/wp\/v2\/users\/1"}],"replies":[{"embeddable":true,"href":"https:\/\/www.vartenberskakorouhev.cz\/index.php?rest_route=%2Fwp%2Fv2%2Fcomments&post=13"}],"version-history":[{"count":5,"href":"https:\/\/www.vartenberskakorouhev.cz\/index.php?rest_route=\/wp\/v2\/pages\/13\/revisions"}],"predecessor-version":[{"id":81,"href":"https:\/\/www.vartenberskakorouhev.cz\/index.php?rest_route=\/wp\/v2\/pages\/13\/revisions\/81"}],"wp:attachment":[{"href":"https:\/\/www.vartenberskakorouhev.cz\/index.php?rest_route=%2Fwp%2Fv2%2Fmedia&parent=13"}],"curies":[{"name":"wp","href":"https:\/\/api.w.org\/{rel}","templated":true}]}}